{"id":15,"date":"2023-04-03T20:29:59","date_gmt":"2023-04-03T18:29:59","guid":{"rendered":"https:\/\/istitutobuenosaires.esteri.it\/?page_id=15"},"modified":"2023-12-18T08:42:52","modified_gmt":"2023-12-18T07:42:52","slug":"chi-siamo","status":"publish","type":"page","link":"https:\/\/iicalmaty.esteri.it\/it\/chi-siamo\/","title":{"rendered":"Chi siamo"},"content":{"rendered":"<p><strong>Istituto Italiano di Cultura di Almaty<\/strong><\/p>\n<p><strong>L\u2019Istituto Italiano di Cultura di Almaty<\/strong> \u00e8 stato fondato nel 2022 ed \u00e8 il primo Istituto Italiano di Cultura in Asia Centrale. Obiettivo dell&#8217;Istituto \u00e8 la promozione e la diffusione della lingua e della cultura italiana in Kazakistan attraverso l&#8217;organizzazione di corsi di lingua, mostre e eventi culturali.<br \/>\nL\u2019Istituto \u00e8 ubicato nel prestigioso edificio Abylai Khan Plaza, situato in via Abylai Khan 53, Almaty. Il direttore dell&#8217;Istituto \u00e8 Edoardo Crisafulli, addetto culturale dell&#8217;Ambasciata d&#8217;Italia in Kazakistan.<\/p>\n<p><span class=\"titoloNotizia\"><strong>Servizi<\/strong><br \/>\n<\/span><br \/>\nL\u2019Istituto Italiano di Cultura di Almaty offre al pubblico i seguenti servizi:<\/p>\n<ul>\n<li>corsi di lingua e civilt\u00e0 italiana tenuti da docenti qualificati di madrelingua<\/li>\n<li>sessioni annuali di esami per ottenere il diploma di conoscenza della lingua italiana come lingua straniera<\/li>\n<li>servizio di informazione e documentazione sull\u2019Italia nel campo culturale<\/li>\n<li style=\"text-align: left;\">mostre ed eventi culturali<\/li>\n<\/ul>\n<p>&nbsp;<\/p>\n<p><strong>Collaborazioni<\/strong><\/p>\n<p>L\u2019Istituto si avvale della collaborazione:<\/p>\n<ul>\n<li>dell&#8217;ICE (Agenzia per la Promozione all&#8217;Estero e l&#8217;Internazionalizzazione delle Imprese Italiane &#8211; Sezione per la Promozione degli Scambi dell&#8217;Ambasciata d&#8217;Italia)<\/li>\n<li>del Comitato di Almaty della Societ\u00e0 Dante Alighieri<\/li>\n<li>del Liceo n. 199 di Almaty<\/li>\n<li>della Scuola di Lingue Straniere <em>Praticamente<\/em>, attiva nell&#8217;insegnamento e promozione della lingua italiana in territorio kazako<\/li>\n<li>del Centro di Lingua e Cultura Italiana di Almaty <em>DI PIU&#8217;<\/em><\/li>\n<\/ul>\n<p>&nbsp;<\/p>\n<p style=\"text-align: left;\"><strong>Area di competenza<\/strong><\/p>\n<p>L\u2019Istituto Italiano di Cultura di Almaty \u00e8 competente per tutto il territorio della Repubblica del Kazakistan e dell&#8217;Asia Centrale.<\/p>\n<p>&nbsp;<\/p>\n","protected":false},"excerpt":{"rendered":"Istituto Italiano di Cultura di Almaty L\u2019Istituto Italiano di Cultura di Almaty \u00e8 stato fondato nel 2022 ed \u00e8 il primo Istituto Italiano di Cultura in Asia Centrale. Obiettivo dell&#8217;Istituto \u00e8 la promozione e la diffusione della lingua e della cultura italiana in Kazakistan attraverso l&#8217;organizzazione di corsi di lingua, mostre e eventi culturali. L\u2019Istituto [&hellip;]","protected":false},"author":1,"featured_media":0,"parent":0,"menu_order":2,"comment_status":"closed","ping_status":"closed","template":"","meta":{"footnotes":""},"class_list":["post-15","page","type-page","status-publish","hentry"],"_links":{"self":[{"href":"https:\/\/iicalmaty.esteri.it\/it\/wp-json\/wp\/v2\/pages\/15","targetHints":{"allow":["GET"]}}],"collection":[{"href":"https:\/\/iicalmaty.esteri.it\/it\/wp-json\/wp\/v2\/pages"}],"about":[{"href":"https:\/\/iicalmaty.esteri.it\/it\/wp-json\/wp\/v2\/types\/page"}],"author":[{"embeddable":true,"href":"https:\/\/iicalmaty.esteri.it\/it\/wp-json\/wp\/v2\/users\/1"}],"replies":[{"embeddable":true,"href":"https:\/\/iicalmaty.esteri.it\/it\/wp-json\/wp\/v2\/comments?post=15"}],"version-history":[{"count":3,"href":"https:\/\/iicalmaty.esteri.it\/it\/wp-json\/wp\/v2\/pages\/15\/revisions"}],"predecessor-version":[{"id":130,"href":"https:\/\/iicalmaty.esteri.it\/it\/wp-json\/wp\/v2\/pages\/15\/revisions\/130"}],"wp:attachment":[{"href":"https:\/\/iicalmaty.esteri.it\/it\/wp-json\/wp\/v2\/media?parent=15"}],"curies":[{"name":"wp","href":"https:\/\/api.w.org\/{rel}","templated":true}]}}